{"id":5672,"date":"2025-10-16T10:28:41","date_gmt":"2025-10-16T10:28:41","guid":{"rendered":"https:\/\/lauzesjulien.com\/?page_id=5672"},"modified":"2026-03-16T08:14:27","modified_gmt":"2026-03-16T08:14:27","slug":"qui-je-suis","status":"publish","type":"page","link":"https:\/\/lauzesjulien.com\/en\/qui-je-suis\/","title":{"rendered":"Presentation Lauzes Julien"},"content":{"rendered":"<div data-elementor-type=\"wp-page\" data-elementor-id=\"5672\" class=\"elementor elementor-5672\" data-elementor-post-type=\"page\">\n\t\t\t\t<div class=\"elementor-element elementor-element-790e1da e-flex e-con-boxed e-con e-parent\" data-id=\"790e1da\" data-element_type=\"container\" data-e-type=\"container\" data-settings=\"{&quot;background_background&quot;:&quot;classic&quot;}\">\n\t\t\t\t\t<div class=\"e-con-inner\">\n\t\t<div class=\"elementor-element elementor-element-014ae4d e-con-full e-flex e-con e-child\" data-id=\"014ae4d\" data-element_type=\"container\" data-e-type=\"container\" data-settings=\"{&quot;background_background&quot;:&quot;classic&quot;}\">\n\t\t\t\t<\/div>\n\t\t<div class=\"elementor-element elementor-element-36eb686 e-con-full e-flex e-con e-child\" data-id=\"36eb686\" data-element_type=\"container\" data-e-type=\"container\">\n\t\t\t\t<div class=\"elementor-element elementor-element-09649f4 elementor-widget__width-auto elementor-widget-mobile__width-inherit animated-slow elementor-invisible elementor-widget elementor-widget-heading\" data-id=\"09649f4\" data-element_type=\"widget\" data-e-type=\"widget\" data-settings=\"{&quot;_animation&quot;:&quot;fadeIn&quot;,&quot;_animation_delay&quot;:700}\" data-widget_type=\"heading.default\">\n\t\t\t\t<div class=\"elementor-widget-container\">\n\t\t\t\t\t<h1 class=\"elementor-heading-title elementor-size-default\">Who am I? <\/h1>\t\t\t\t<\/div>\n\t\t\t\t<\/div>\n\t\t\t\t<div class=\"elementor-element elementor-element-77dfebe elementor-widget__width-auto elementor-widget-mobile__width-inherit animated-slow elementor-invisible elementor-widget elementor-widget-heading\" data-id=\"77dfebe\" data-element_type=\"widget\" data-e-type=\"widget\" data-settings=\"{&quot;_animation&quot;:&quot;fadeIn&quot;,&quot;_animation_delay&quot;:700}\" data-widget_type=\"heading.default\">\n\t\t\t\t<div class=\"elementor-widget-container\">\n\t\t\t\t\t<h2 class=\"elementor-heading-title elementor-size-default\">Bienvenue,<\/h2>\t\t\t\t<\/div>\n\t\t\t\t<\/div>\n\t\t\t\t<div class=\"elementor-element elementor-element-fa7c503 elementor-widget elementor-widget-text-editor\" data-id=\"fa7c503\" data-element_type=\"widget\" data-e-type=\"widget\" data-widget_type=\"text-editor.default\">\n\t\t\t\t<div class=\"elementor-widget-container\">\n\t\t\t\t\t\t\t\t\t<p>UX\/UI designer for over ten years. I've always needed to manipulate, to explore things concretely to understand how they work: to take things apart, tinker, test and observe.<\/p><p><strong>This playful, intuitive approach has shaped my vision of the world and of design: a way of linking ideas to materials, concepts to use.<\/strong><\/p><p>My background is in graphic design, and I grew up using my father's tools as a mechanic, repairing bicycles, listening to music on a daily basis and taking photographs to capture the moment.<\/p><p>My <strong>operation is atypical<\/strong> - ADHD, DYS - he taught me to think differently, to design with empathy, and to value what's outside the box. I like things that are alive, things that are built by others, things that make sense. And that's what I try to convey in every project.<\/p><p>\ud83d\udc49 To better understand my cognitive functioning and neuroatypia, I invite you to read <a href=\"https:\/\/lauzesjulien.com\/en\/bilan\/\">this article<\/a> which I wrote with an open heart.<\/p><p>\ud83d\udcf8 And to discover my vision of the world in images, you can explore <a href=\"https:\/\/lauzesjulien.com\/en\/raw\/\">my photographs<\/a>.<\/p><p><!--EndFragment --><\/p>\t\t\t\t\t\t\t\t<\/div>\n\t\t\t\t<\/div>\n\t\t<div class=\"elementor-element elementor-element-c43b781 e-con-full e-flex e-con e-child\" data-id=\"c43b781\" data-element_type=\"container\" data-e-type=\"container\">\n\t\t\t\t<div class=\"elementor-element elementor-element-75ef928 elementor-widget__width-auto elementor-mobile-align-center elementor-widget-mobile__width-inherit elementor-widget elementor-widget-button\" data-id=\"75ef928\" data-element_type=\"widget\" data-e-type=\"widget\" data-widget_type=\"button.default\">\n\t\t\t\t<div class=\"elementor-widget-container\">\n\t\t\t\t\t\t\t\t\t<div class=\"elementor-button-wrapper\">\n\t\t\t\t\t<a class=\"elementor-button elementor-button-link elementor-size-sm\" href=\"#elementor-action%3Aaction%3Dpopup%3Aopen%26settings%3DeyJpZCI6IjM1NyIsInRvZ2dsZSI6ZmFsc2V9\">\n\t\t\t\t\t\t<span class=\"elementor-button-content-wrapper\">\n\t\t\t\t\t\t\t\t\t<span class=\"elementor-button-text\">Contact me<\/span>\n\t\t\t\t\t<\/span>\n\t\t\t\t\t<\/a>\n\t\t\t\t<\/div>\n\t\t\t\t\t\t\t\t<\/div>\n\t\t\t\t<\/div>\n\t\t\t\t<\/div>\n\t\t\t\t<\/div>\n\t\t\t\t\t<\/div>\n\t\t\t\t<\/div>\n\t\t\t\t<\/div>","protected":false},"excerpt":{"rendered":"<p>Qui suis-je ? Bienvenue, Designer UX\/UI depuis plus de dix ans. J\u2019ai toujours eu besoin de manipuler, d\u2019explorer concr\u00e8tement les choses pour en comprendre le fonctionnement : d\u00e9monter, bricoler, tester, observer. C\u2019est dans cette approche ludique et intuitive que s\u2019est construite ma vision du monde et du design : une mani\u00e8re de relier les id\u00e9es [&hellip;]<\/p>\n","protected":false},"author":1,"featured_media":0,"parent":0,"menu_order":0,"comment_status":"closed","ping_status":"closed","template":"elementor_header_footer","meta":{"_acf_changed":false,"footnotes":""},"class_list":["post-5672","page","type-page","status-publish","hentry"],"acf":[],"yoast_head":"<!-- This site is optimized with the Yoast SEO plugin v27.2 - https:\/\/yoast.com\/product\/yoast-seo-wordpress\/ -->\n<title>Pr\u00e9sentation Lauzes Julien - UX\/UI Designer - Lauzes Julien<\/title>\n<meta name=\"robots\" content=\"index, follow, max-snippet:-1, max-image-preview:large, max-video-preview:-1\" \/>\n<link rel=\"canonical\" href=\"https:\/\/lauzesjulien.com\/en\/qui-je-suis\/\" \/>\n<meta property=\"og:locale\" content=\"en_US\" \/>\n<meta property=\"og:type\" content=\"article\" \/>\n<meta property=\"og:title\" content=\"Pr\u00e9sentation Lauzes Julien - UX\/UI Designer - Lauzes Julien\" \/>\n<meta property=\"og:description\" content=\"Qui suis-je ? Bienvenue, Designer UX\/UI depuis plus de dix ans. J\u2019ai toujours eu besoin de manipuler, d\u2019explorer concr\u00e8tement les choses pour en comprendre le fonctionnement : d\u00e9monter, bricoler, tester, observer. C\u2019est dans cette approche ludique et intuitive que s\u2019est construite ma vision du monde et du design : une mani\u00e8re de relier les id\u00e9es [&hellip;]\" \/>\n<meta property=\"og:url\" content=\"https:\/\/lauzesjulien.com\/en\/qui-je-suis\/\" \/>\n<meta property=\"og:site_name\" content=\"UX\/UI Designer - Lauzes Julien\" \/>\n<meta property=\"article:modified_time\" content=\"2026-03-16T08:14:27+00:00\" \/>\n<meta name=\"twitter:card\" content=\"summary_large_image\" \/>\n<meta name=\"twitter:label1\" content=\"Est. reading time\" \/>\n\t<meta name=\"twitter:data1\" content=\"2 minutes\" \/>\n<script type=\"application\/ld+json\" class=\"yoast-schema-graph\">{\"@context\":\"https:\/\/schema.org\",\"@graph\":[{\"@type\":\"WebPage\",\"@id\":\"https:\/\/lauzesjulien.com\/qui-je-suis\/\",\"url\":\"https:\/\/lauzesjulien.com\/qui-je-suis\/\",\"name\":\"Pr\u00e9sentation Lauzes Julien - UX\/UI Designer - Lauzes Julien\",\"isPartOf\":{\"@id\":\"https:\/\/lauzesjulien.com\/#website\"},\"datePublished\":\"2025-10-16T10:28:41+00:00\",\"dateModified\":\"2026-03-16T08:14:27+00:00\",\"breadcrumb\":{\"@id\":\"https:\/\/lauzesjulien.com\/qui-je-suis\/#breadcrumb\"},\"inLanguage\":\"en-US\",\"potentialAction\":[{\"@type\":\"ReadAction\",\"target\":[\"https:\/\/lauzesjulien.com\/qui-je-suis\/\"]}]},{\"@type\":\"BreadcrumbList\",\"@id\":\"https:\/\/lauzesjulien.com\/qui-je-suis\/#breadcrumb\",\"itemListElement\":[{\"@type\":\"ListItem\",\"position\":1,\"name\":\"Home\",\"item\":\"https:\/\/lauzesjulien.com\/\"},{\"@type\":\"ListItem\",\"position\":2,\"name\":\"Pr\u00e9sentation Lauzes Julien\"}]},{\"@type\":\"WebSite\",\"@id\":\"https:\/\/lauzesjulien.com\/#website\",\"url\":\"https:\/\/lauzesjulien.com\/\",\"name\":\"UX\/UI Designer - Lauzes Julien\",\"description\":\"Je design des exp\u00e9riences utiles, agr\u00e9ables et m\u00e9morables pour vos utilisateurs\",\"publisher\":{\"@id\":\"https:\/\/lauzesjulien.com\/#organization\"},\"potentialAction\":[{\"@type\":\"SearchAction\",\"target\":{\"@type\":\"EntryPoint\",\"urlTemplate\":\"https:\/\/lauzesjulien.com\/?s={search_term_string}\"},\"query-input\":{\"@type\":\"PropertyValueSpecification\",\"valueRequired\":true,\"valueName\":\"search_term_string\"}}],\"inLanguage\":\"en-US\"},{\"@type\":\"Organization\",\"@id\":\"https:\/\/lauzesjulien.com\/#organization\",\"name\":\"UX\/UI Designer - Lauzes Julien\",\"url\":\"https:\/\/lauzesjulien.com\/\",\"logo\":{\"@type\":\"ImageObject\",\"inLanguage\":\"en-US\",\"@id\":\"https:\/\/lauzesjulien.com\/#\/schema\/logo\/image\/\",\"url\":\"https:\/\/lauzesjulien.com\/wp-content\/uploads\/2022\/10\/logolauzesjulien.svg\",\"contentUrl\":\"https:\/\/lauzesjulien.com\/wp-content\/uploads\/2022\/10\/logolauzesjulien.svg\",\"width\":191,\"height\":191,\"caption\":\"UX\/UI Designer - Lauzes Julien\"},\"image\":{\"@id\":\"https:\/\/lauzesjulien.com\/#\/schema\/logo\/image\/\"}}]}<\/script>\n<!-- \/ Yoast SEO plugin. -->","yoast_head_json":{"title":"Pr\u00e9sentation Lauzes Julien - UX\/UI Designer - Lauzes Julien","robots":{"index":"index","follow":"follow","max-snippet":"max-snippet:-1","max-image-preview":"max-image-preview:large","max-video-preview":"max-video-preview:-1"},"canonical":"https:\/\/lauzesjulien.com\/en\/qui-je-suis\/","og_locale":"en_US","og_type":"article","og_title":"Pr\u00e9sentation Lauzes Julien - UX\/UI Designer - Lauzes Julien","og_description":"Qui suis-je ? Bienvenue, Designer UX\/UI depuis plus de dix ans. J\u2019ai toujours eu besoin de manipuler, d\u2019explorer concr\u00e8tement les choses pour en comprendre le fonctionnement : d\u00e9monter, bricoler, tester, observer. C\u2019est dans cette approche ludique et intuitive que s\u2019est construite ma vision du monde et du design : une mani\u00e8re de relier les id\u00e9es [&hellip;]","og_url":"https:\/\/lauzesjulien.com\/en\/qui-je-suis\/","og_site_name":"UX\/UI Designer - Lauzes Julien","article_modified_time":"2026-03-16T08:14:27+00:00","twitter_card":"summary_large_image","twitter_misc":{"Est. reading time":"2 minutes"},"schema":{"@context":"https:\/\/schema.org","@graph":[{"@type":"WebPage","@id":"https:\/\/lauzesjulien.com\/qui-je-suis\/","url":"https:\/\/lauzesjulien.com\/qui-je-suis\/","name":"Pr\u00e9sentation Lauzes Julien - UX\/UI Designer - Lauzes Julien","isPartOf":{"@id":"https:\/\/lauzesjulien.com\/#website"},"datePublished":"2025-10-16T10:28:41+00:00","dateModified":"2026-03-16T08:14:27+00:00","breadcrumb":{"@id":"https:\/\/lauzesjulien.com\/qui-je-suis\/#breadcrumb"},"inLanguage":"en-US","potentialAction":[{"@type":"ReadAction","target":["https:\/\/lauzesjulien.com\/qui-je-suis\/"]}]},{"@type":"BreadcrumbList","@id":"https:\/\/lauzesjulien.com\/qui-je-suis\/#breadcrumb","itemListElement":[{"@type":"ListItem","position":1,"name":"Home","item":"https:\/\/lauzesjulien.com\/"},{"@type":"ListItem","position":2,"name":"Pr\u00e9sentation Lauzes Julien"}]},{"@type":"WebSite","@id":"https:\/\/lauzesjulien.com\/#website","url":"https:\/\/lauzesjulien.com\/","name":"UX\/UI Designer - Lauzes Julien","description":"I design useful, pleasant and memorable experiences for your users","publisher":{"@id":"https:\/\/lauzesjulien.com\/#organization"},"potentialAction":[{"@type":"SearchAction","target":{"@type":"EntryPoint","urlTemplate":"https:\/\/lauzesjulien.com\/?s={search_term_string}"},"query-input":{"@type":"PropertyValueSpecification","valueRequired":true,"valueName":"search_term_string"}}],"inLanguage":"en-US"},{"@type":"Organization","@id":"https:\/\/lauzesjulien.com\/#organization","name":"UX\/UI Designer - Lauzes Julien","url":"https:\/\/lauzesjulien.com\/","logo":{"@type":"ImageObject","inLanguage":"en-US","@id":"https:\/\/lauzesjulien.com\/#\/schema\/logo\/image\/","url":"https:\/\/lauzesjulien.com\/wp-content\/uploads\/2022\/10\/logolauzesjulien.svg","contentUrl":"https:\/\/lauzesjulien.com\/wp-content\/uploads\/2022\/10\/logolauzesjulien.svg","width":191,"height":191,"caption":"UX\/UI Designer - Lauzes Julien"},"image":{"@id":"https:\/\/lauzesjulien.com\/#\/schema\/logo\/image\/"}}]}},"_links":{"self":[{"href":"https:\/\/lauzesjulien.com\/en\/wp-json\/wp\/v2\/pages\/5672","targetHints":{"allow":["GET"]}}],"collection":[{"href":"https:\/\/lauzesjulien.com\/en\/wp-json\/wp\/v2\/pages"}],"about":[{"href":"https:\/\/lauzesjulien.com\/en\/wp-json\/wp\/v2\/types\/page"}],"author":[{"embeddable":true,"href":"https:\/\/lauzesjulien.com\/en\/wp-json\/wp\/v2\/users\/1"}],"replies":[{"embeddable":true,"href":"https:\/\/lauzesjulien.com\/en\/wp-json\/wp\/v2\/comments?post=5672"}],"version-history":[{"count":31,"href":"https:\/\/lauzesjulien.com\/en\/wp-json\/wp\/v2\/pages\/5672\/revisions"}],"predecessor-version":[{"id":6185,"href":"https:\/\/lauzesjulien.com\/en\/wp-json\/wp\/v2\/pages\/5672\/revisions\/6185"}],"wp:attachment":[{"href":"https:\/\/lauzesjulien.com\/en\/wp-json\/wp\/v2\/media?parent=5672"}],"curies":[{"name":"wp","href":"https:\/\/api.w.org\/{rel}","templated":true}]}}